{"id":4,"date":"2019-07-25T10:30:43","date_gmt":"2019-07-25T10:30:43","guid":{"rendered":"https:\/\/www.karotidnahirurgija.com\/?p=4"},"modified":"2024-08-21T07:25:29","modified_gmt":"2024-08-21T07:25:29","slug":"about","status":"publish","type":"page","link":"https:\/\/www.karotidnahirurgija.com\/?page_id=4","title":{"rendered":"O AUTORU"},"content":{"rendered":"<h1><span>Akademik <br \/>prof. dr \u0110or\u0111e Radak<\/span><\/h1>\n<p><img decoding=\"async\" src=\"\/wp-content\/uploads\/2023\/02\/2637175_dr-djordje-radak_share.jpeg\" alt=\"\"><\/p>\n<div>\n<p><strong>\u0110or\u0111e Radak<\/strong><br \/>Op\u0161ti i vaskularni hirurg;<br \/>Redovni profesor hirurgije na Medicinskom fakultetu Univerziteta u Beogradu;<br \/>Direktor Klinike za hirurgiju Euromedik, Beograd;<br \/>\u0160ef katedre za vaskularnu hirurgiju sa angiologijom na Medicinskom fakultetu u Beogradu 2003-2019<\/p>\n<\/div>\n<p><img decoding=\"async\" src=\"\/wp-content\/uploads\/2023\/02\/Screen-Shot-2023-02-03-at-9.43.23-PM.png\" alt=\"\"><\/p>\n<div>\n<p><strong>Biografija<\/strong><br \/>Ro\u0111en u Vr\u0161cu, 31. jun 1956.<br \/>Medicinski fakultet u Beogradu je zavr\u0161io sa prose\u010dnom ocenom 9,70.<br \/>Usavr\u0161avao se kao mladi hirurg, dobitnik stipendije Nema\u010dke vlade (DAAD), kod \u010duvenog Prof. Vollmar-a. Ste\u010dena znanja je ugradio u razvoj Instituta za kardiovaskularne bolesti Dedinje, gde je okupio i motivisao grupu mladih hirurga sa nau\u010dnim ambicijama. \u0110. Radak izvede godi\u0161nje oko 600 vaskularnih operacija, a tim koji je formirao godi\u0161nje uradi oko 2.000 arterijskih rekonstrukcija i oko 300 endovaskularnih intervencija, sa rezultatima na nivou velikih svetskih centara.<br \/>Specijalizaciju iz op\u0161te hirurgije (1986), kao i u\u017eu specijalizaciju iz vaskularne hirurgije (2002) zavr\u0161io je sa odlikom. Magistrirao je i doktorirao na eksperimentalnoj aterogenezi. Pro\u0161ao je uspe\u0161no kroz sva nastavna zvanja, od demonstratora anatomije do redovnog profesora hirurgije.<\/p>\n<p><strong>\u0110or\u0111e Radak<\/strong> je najve\u0107e interesovanje stru\u010dne javnosti izazvao uvo\u0111enjem<br \/>Everzione endarterektomije karotidnih arterija (1993), kao revolucionarno nove metode, prolaze\u0107i kroz fazu ranog skepticizma okoline do potpunog prihvatanja i najve\u0107e serije operacija u Evropi (preko 15.000).<br \/>Uveo je nove metode u oblasti rekonstrukcija supraaortalnih grana i vertebralne arterije..<br \/>Razvio nove pristupe u hirurgiji aneurizmatske bolesti aorte<br \/>U\u010destvovao je u prvim transplantacijama jetre i pankreasa.<\/p>\n<p>Pokrenuo je modernu endovaskularnu hirurgiju (ugradnja stent-grafta zbog aneurizme torakalne aorte, 2004 i prve \u201chibrid\u201c procedure u le\u010denju multiplih lezija supraaortalnih i perifernih arterija (2013) primenom endovaskularne u kombinaciji sa otvorenom vaskularnom hirurgijom.<br \/>Dizajnirao je i uveo u svakodnevnu upotrebu Bazu podataka za prospektivno pra\u0107enje rezultata le\u010denja.<\/p>\n<p>Bio je mentor za preko 30 magisterijuma, doktorskih disertacija i radova u\u017ee specijalizacije.<br \/>Prakti\u010dno je obu\u010dio vi\u0161e od 60 vaskularnih hirurga iz zemlje i inostranstva.<\/p>\n<p>\u0110or\u0111e Radak je glavni istra\u017eiva\u010d u mnogim nacionalnim i me\u0111unarodnim projektima. Reviewer je u Journal of Vascular Surgery, Angiology i drugim \u010dasopisima sa visokim impakt faktorom. <br \/>Bio je prodekan Medicinskog fakulteta u Beogradu (2002).<\/p>\n<\/div>\n<div>\n<p><strong>Nau\u010dni rad<\/strong><br \/>Publikovao je vi\u0161e od 940 radova. Baza <strong><a href=\"https:\/\/www.scopus.com\/authid\/detail.uri?authorId=7004442548\"><span style=\"color: #ff0000;\">Scopus<\/span><\/a><\/strong> prikazuje vi\u0161e od 200 radova publikovanih u celini u \u010dasopisima sa impakt faktorom. Objavio je 105 poglavlja u me\u0111unarodnim knjigama i doma\u0107im monografijama. Urednik je u 8 knjiga. Jedini je autor 3 knjige koje su specijalizanti hirurgije prihvatali kao &#8220;bukvare&#8221; hirur\u0161ke tehnike:<br \/>&#8220;Hirur\u0161ki pristupi arterijama&#8221;,<br \/>&#8220;Revaskularizacija mozga&#8221; i<br \/>&#8220;Karotidna hirurgija&#8221;.<br \/>U bazi podataka Science Citation Index i Web of Science prona\u0111eno je vi\u0161e od 1900 citata (uz 1307 &#8220;on behalf&#8221; citata), a u bazi Scopus preko 950 citata. Hir\u0161ov indeks (h\u2013index) je 17.<br \/>Publikovao je inovativne nau\u010dne radove poku\u0161avaju\u0107i da rezultate dobre hirurgije oplemeni bazi\u010dnim istra\u017eivanjima, da prevenira komplikacije i pribli\u017ei se tretiranju genomskih, proteomskih i metaboli\u010dkih uzroka ateroskleroze i aneurizmatske bolesti.<br \/>Bio je \u010dlan upravnog borda u European Society for Vascular and Endovascular Surgery, do 2006. i International Union of Angiology (IUA), od 2002.<br \/>Predsednik Sekcije za angiologiju i vaskularnu hirurgiju Srpskog lekarskog dru\u0161tva je bio od 2002. Redovni je \u010dlan Akademije medicinskih nauka SLD i \u010dlan Nau\u010dnog ve\u0107a Akademije. Aktuelni je predsednik Udru\u017eenja za vaskularnu medicinu Srbije.<br \/>Za dopisnog \u010dlana SANU izabran je 5. novembra 2009, a za redovnog 2015.<\/p>\n<\/div>\n<p><iframe src=\"https:\/\/www.youtube.com\/watch?v=ccRp7lJaa6I\"><\/iframe><br \/>\n<iframe src=\"https:\/\/www.youtube.com\/watch?v=Nw5WawlfxYE\"><\/iframe><br \/>\n<iframe src=\"https:\/\/www.youtube.com\/watch?v=ufuSuPfLjXg\"><\/iframe><br \/>\n<iframe src=\"https:\/\/www.youtube.com\/watch?v=DLvgHylsMDQ\"><\/iframe><\/p>\n<p><!--more--><br \/>\n<!-- {\"type\":\"layout\",\"children\":[{\"type\":\"section\",\"props\":{\"image_position\":\"center-center\",\"padding_remove_bottom\":false,\"style\":\"default\",\"title\":\"KAROTIDNA HIRURGIJA - \\u0110or\\u0111r Radak\",\"title_breakpoint\":\"xl\",\"title_position\":\"top-right\",\"title_rotation\":\"left\",\"vertical_align\":\"middle\",\"video\":\"wp-content\\\/uploads\\\/2023\\\/02\\\/brain-111083-1.mp4\",\"width\":\"\"},\"children\":[{\"type\":\"row\",\"props\":{\"margin\":\"large\",\"width\":\"xsmall\"},\"children\":[{\"type\":\"column\",\"props\":{\"image_position\":\"center-center\",\"position_sticky_breakpoint\":\"m\",\"width_medium\":\"1-1\"},\"children\":[{\"type\":\"headline\",\"props\":{\"block_align\":\"center\",\"content\":\"<span>Akademik <br \\\/>prof. dr \\u0110or\\u0111e Radak<\\\/span>\",\"maxwidth\":\"large\",\"text_align\":\"center\",\"title_color\":\"success\",\"title_element\":\"h1\"}}]}]},{\"type\":\"row\",\"props\":{\"column_gap\":\"small\",\"layout\":\"2-3,1-3\",\"padding_remove_horizontal\":false,\"row_gap\":\"small\",\"width\":\"default\"},\"children\":[{\"type\":\"column\",\"props\":{\"image_position\":\"center-center\",\"position_sticky_breakpoint\":\"m\",\"preserve_color\":true,\"style\":\"tile-secondary\",\"width_medium\":\"2-3\"},\"children\":[{\"type\":\"image\",\"props\":{\"image\":\"wp-content\\\/uploads\\\/2023\\\/02\\\/2637175_dr-djordje-radak_share.jpeg\",\"image_border\":\"rounded\",\"image_box_decoration\":\"shadow\",\"image_box_shadow\":\"small\",\"image_loading\":true,\"image_svg_color\":\"emphasis\",\"image_width\":\"795\",\"margin\":\"default\"}},{\"type\":\"text\",\"props\":{\"column_breakpoint\":\"m\",\"content\":\"\n\n<p><strong>\\u0110or\\u0111e Radak<\\\/strong><br \\\/>Op\\u0161ti i vaskularni hirurg;<br \\\/>Redovni profesor hirurgije na Medicinskom fakultetu Univerziteta u Beogradu;<br \\\/>Direktor Klinike za hirurgiju Euromedik, Beograd;<br \\\/>\\u0160ef katedre za vaskularnu hirurgiju sa angiologijom na Medicinskom fakultetu u Beogradu 2003-2019<\\\/p>\",\"margin\":\"medium\"}}]},{\"type\":\"column\",\"props\":{\"image_position\":\"center-center\",\"position_sticky_breakpoint\":\"m\",\"width_medium\":\"1-3\"},\"children\":[{\"type\":\"image\",\"props\":{\"class\":\"uk-visible@s\",\"image\":\"wp-content\\\/uploads\\\/2023\\\/02\\\/Screen-Shot-2023-02-03-at-9.43.23-PM.png\",\"image_border\":\"rounded\",\"image_box_decoration\":\"shadow\",\"image_box_shadow\":\"small\",\"image_loading\":true,\"image_svg_color\":\"emphasis\",\"image_width\":\"390\",\"margin\":\"default\",\"visibility\":\"s\"}}]}]},{\"type\":\"row\",\"props\":{\"layout\":\"2-3,1-3\",\"width\":\"default\"},\"children\":[{\"type\":\"column\",\"props\":{\"image_position\":\"center-center\",\"position_sticky_breakpoint\":\"m\",\"width_medium\":\"2-3\"},\"children\":[{\"type\":\"text\",\"props\":{\"column_breakpoint\":\"m\",\"content\":\"\n\n<p><strong>Biografija<\\\/strong><br \\\/>Ro\\u0111en u Vr\\u0161cu, 31. jun 1956.<br \\\/>Medicinski fakultet u Beogradu je zavr\\u0161io sa prose\\u010dnom ocenom 9,70.<br \\\/>Usavr\\u0161avao se kao mladi hirurg, dobitnik stipendije Nema\\u010dke vlade (DAAD), kod \\u010duvenog Prof. Vollmar-a. Ste\\u010dena znanja je ugradio u razvoj Instituta za kardiovaskularne bolesti Dedinje, gde je okupio i motivisao grupu mladih hirurga sa nau\\u010dnim ambicijama. \\u0110. Radak izvede godi\\u0161nje oko 600 vaskularnih operacija, a tim koji je formirao godi\\u0161nje uradi oko 2.000 arterijskih rekonstrukcija i oko 300 endovaskularnih intervencija, sa rezultatima na nivou velikih svetskih centara.<br \\\/>Specijalizaciju iz op\\u0161te hirurgije (1986), kao i u\\u017eu specijalizaciju iz vaskularne hirurgije (2002) zavr\\u0161io je sa odlikom. Magistrirao je i doktorirao na eksperimentalnoj aterogenezi. Pro\\u0161ao je uspe\\u0161no kroz sva nastavna zvanja, od demonstratora anatomije do redovnog profesora hirurgije.<\\\/p>\\n\n\n<p><br \\\/><strong>\\u0110or\\u0111e Radak<\\\/strong> je najve\\u0107e interesovanje stru\\u010dne javnosti izazvao uvo\\u0111enjem<br \\\/>Everzione endarterektomije karotidnih arterija (1993), kao revolucionarno nove metode, prolaze\\u0107i kroz fazu ranog skepticizma okoline do potpunog prihvatanja i najve\\u0107e serije operacija u Evropi (preko 15.000).<br \\\/>Uveo je nove metode u oblasti rekonstrukcija supraaortalnih grana i vertebralne arterije..<br \\\/>Razvio nove pristupe u hirurgiji aneurizmatske bolesti aorte<br \\\/>U\\u010destvovao je u prvim transplantacijama jetre i pankreasa.<\\\/p>\\n\n\n<p>Pokrenuo je modernu endovaskularnu hirurgiju (ugradnja stent-grafta zbog aneurizme torakalne aorte, 2004 i prve \\u201chibrid\\u201c procedure u le\\u010denju multiplih lezija supraaortalnih i perifernih arterija (2013) primenom endovaskularne u kombinaciji sa otvorenom vaskularnom hirurgijom.<br \\\/>Dizajnirao je i uveo u svakodnevnu upotrebu Bazu podataka za prospektivno pra\\u0107enje rezultata le\\u010denja.<br \\\/><br \\\/>Bio je mentor za preko 30 magisterijuma, doktorskih disertacija i radova u\\u017ee specijalizacije.<br \\\/>Prakti\\u010dno je obu\\u010dio vi\\u0161e od 60 vaskularnih hirurga iz zemlje i inostranstva.<br \\\/><br \\\/>\\u0110or\\u0111e Radak je glavni istra\\u017eiva\\u010d u mnogim nacionalnim i me\\u0111unarodnim projektima. Reviewer je u Journal of Vascular Surgery, Angiology i drugim \\u010dasopisima sa visokim impakt faktorom. <br \\\/>Bio je prodekan Medicinskog fakulteta u Beogradu (2002).<br \\\/><br \\\/><\\\/p>\",\"margin\":\"medium\",\"text_color\":\"success\"}}]},{\"type\":\"column\",\"props\":{\"image_position\":\"center-center\",\"position_sticky_breakpoint\":\"m\",\"width_medium\":\"1-3\"},\"children\":[{\"type\":\"text\",\"props\":{\"column_breakpoint\":\"m\",\"content\":\"\n\n<p><strong>Nau\\u010dni rad<\\\/strong><br \\\/>Publikovao je vi\\u0161e od 940 radova. Baza <strong><a href=\\\"https:\\\/\\\/www.scopus.com\\\/authid\\\/detail.uri?authorId=7004442548\\\"><span style=\\\"color: #ff0000;\\\">Scopus<\\\/span><\\\/a><\\\/strong> prikazuje vi\\u0161e od 200 radova publikovanih u celini u \\u010dasopisima sa impakt faktorom. Objavio je 105 poglavlja u me\\u0111unarodnim knjigama i doma\\u0107im monografijama. Urednik je u 8 knjiga. Jedini je autor 3 knjige koje su specijalizanti hirurgije prihvatali kao \\\"bukvare\\\" hirur\\u0161ke tehnike:<br \\\/>\\\"Hirur\\u0161ki pristupi arterijama\\\",<br \\\/>\\\"Revaskularizacija mozga\\\" i<br \\\/>\\\"Karotidna hirurgija\\\".<br \\\/>U bazi podataka Science Citation Index i Web of Science prona\\u0111eno je vi\\u0161e od 1900 citata (uz 1307 \\\"on behalf\\\" citata), a u bazi Scopus preko 950 citata. Hir\\u0161ov indeks (h\\u2013index) je 17.<br \\\/>Publikovao je inovativne nau\\u010dne radove poku\\u0161avaju\\u0107i da rezultate dobre hirurgije oplemeni bazi\\u010dnim istra\\u017eivanjima, da prevenira komplikacije i pribli\\u017ei se tretiranju genomskih, proteomskih i metaboli\\u010dkih uzroka ateroskleroze i aneurizmatske bolesti.<br \\\/>Bio je \\u010dlan upravnog borda u European Society for Vascular and Endovascular Surgery, do 2006. i International Union of Angiology (IUA), od 2002.<br \\\/>Predsednik Sekcije za angiologiju i vaskularnu hirurgiju Srpskog lekarskog dru\\u0161tva je bio od 2002. Redovni je \\u010dlan Akademije medicinskih nauka SLD i \\u010dlan Nau\\u010dnog ve\\u0107a Akademije. Aktuelni je predsednik Udru\\u017eenja za vaskularnu medicinu Srbije.<br \\\/>Za dopisnog \\u010dlana SANU izabran je 5. novembra 2009, a za redovnog 2015.<\\\/p>\",\"margin\":\"default\",\"text_color\":\"success\"}}]}]}],\"name\":\"About\"},{\"type\":\"section\",\"props\":{\"image_position\":\"center-center\",\"style\":\"default\",\"title_breakpoint\":\"xl\",\"title_position\":\"top-left\",\"title_rotation\":\"left\",\"vertical_align\":\"middle\",\"width\":\"default\"},\"children\":[{\"type\":\"row\",\"props\":{\"layout\":\"1-4,1-4,1-4,1-4|1-2,1-2,1-2,1-2\"},\"children\":[{\"type\":\"column\",\"props\":{\"image_position\":\"center-center\",\"position_sticky_breakpoint\":\"m\",\"width_medium\":\"1-4\",\"width_small\":\"1-2\"},\"children\":[{\"type\":\"video\",\"props\":{\"margin\":\"default\",\"video\":\"https:\\\/\\\/www.youtube.com\\\/watch?v=ccRp7lJaa6I\",\"video_controls\":true,\"video_lazyload\":true,\"video_width\":\"350\"}}]},{\"type\":\"column\",\"props\":{\"image_position\":\"center-center\",\"position_sticky_breakpoint\":\"m\",\"width_medium\":\"1-4\",\"width_small\":\"1-2\"},\"children\":[{\"type\":\"video\",\"props\":{\"margin\":\"default\",\"video\":\"https:\\\/\\\/www.youtube.com\\\/watch?v=Nw5WawlfxYE\",\"video_controls\":true,\"video_lazyload\":true,\"video_width\":\"350\"}}]},{\"type\":\"column\",\"props\":{\"image_position\":\"center-center\",\"position_sticky_breakpoint\":\"m\",\"width_medium\":\"1-4\",\"width_small\":\"1-2\"},\"children\":[{\"type\":\"video\",\"props\":{\"margin\":\"default\",\"video\":\"https:\\\/\\\/www.youtube.com\\\/watch?v=ufuSuPfLjXg\",\"video_controls\":true,\"video_lazyload\":true,\"video_width\":\"350\"}}]},{\"type\":\"column\",\"props\":{\"image_position\":\"center-center\",\"position_sticky_breakpoint\":\"m\",\"width_medium\":\"1-4\",\"width_small\":\"1-2\"},\"children\":[{\"type\":\"video\",\"props\":{\"margin\":\"default\",\"video\":\"https:\\\/\\\/www.youtube.com\\\/watch?v=DLvgHylsMDQ\",\"video_controls\":true,\"video_lazyload\":true,\"video_width\":\"350\"}}]}]}]}],\"version\":\"4.3.8\"} --><\/p>\n","protected":false},"excerpt":{"rendered":"<p>Akademik prof. dr \u0110or\u0111e Radak \u0110or\u0111e RadakOp\u0161ti i vaskularni hirurg;Redovni profesor hirurgije na Medicinskom fakultetu Univerziteta u Beogradu;Direktor Klinike za hirurgiju Euromedik, Beograd;\u0160ef katedre za vaskularnu hirurgiju sa angiologijom na Medicinskom fakultetu u Beogradu 2003-2019 BiografijaRo\u0111en u Vr\u0161cu, 31. jun 1956.Medicinski fakultet u Beogradu je zavr\u0161io sa prose\u010dnom ocenom 9,70.Usavr\u0161avao se kao mladi hirurg, dobitnik [&hellip;]<\/p>\n","protected":false},"author":1,"featured_media":0,"parent":0,"menu_order":4,"comment_status":"open","ping_status":"open","template":"","meta":{"_acf_changed":false,"footnotes":""},"class_list":["post-4","page","type-page","status-publish","hentry"],"acf":[],"yoast_head":"<!-- This site is optimized with the Yoast SEO plugin v27.5 - https:\/\/yoast.com\/product\/yoast-seo-wordpress\/ -->\n<title>O AUTORU - KAROTIDNA HIRURGIJA<\/title>\n<meta name=\"description\" content=\"\u0110or\u0111e Radak je uveo nove metode u rekonstrukcija supraaortalnih grana i vertebralne arterije, hirurgiji aneurizmatske bolesti aorte, transplantacijama jetre i pankreasa.\" \/>\n<meta name=\"robots\" content=\"index, follow, max-snippet:-1, max-image-preview:large, max-video-preview:-1\" \/>\n<link rel=\"canonical\" href=\"https:\/\/www.karotidnahirurgija.com\/?page_id=4\" \/>\n<meta property=\"og:locale\" content=\"en_US\" \/>\n<meta property=\"og:type\" content=\"article\" \/>\n<meta property=\"og:title\" content=\"O AUTORU - KAROTIDNA HIRURGIJA\" \/>\n<meta property=\"og:description\" content=\"\u0110or\u0111e Radak je uveo nove metode u rekonstrukcija supraaortalnih grana i vertebralne arterije, hirurgiji aneurizmatske bolesti aorte, transplantacijama jetre i pankreasa.\" \/>\n<meta property=\"og:url\" content=\"https:\/\/www.karotidnahirurgija.com\/?page_id=4\" \/>\n<meta property=\"og:site_name\" content=\"KAROTIDNA HIRURGIJA\" \/>\n<meta property=\"article:modified_time\" content=\"2024-08-21T07:25:29+00:00\" \/>\n<meta name=\"twitter:card\" content=\"summary_large_image\" \/>\n<meta name=\"twitter:label1\" content=\"Est. reading time\" \/>\n\t<meta name=\"twitter:data1\" content=\"3 minutes\" \/>\n<script type=\"application\/ld+json\" class=\"yoast-schema-graph\">{\"@context\":\"https:\\\/\\\/schema.org\",\"@graph\":[{\"@type\":\"WebPage\",\"@id\":\"https:\\\/\\\/www.karotidnahirurgija.com\\\/?page_id=4\",\"url\":\"https:\\\/\\\/www.karotidnahirurgija.com\\\/?page_id=4\",\"name\":\"O AUTORU - KAROTIDNA HIRURGIJA\",\"isPartOf\":{\"@id\":\"https:\\\/\\\/www.karotidnahirurgija.com\\\/#website\"},\"datePublished\":\"2019-07-25T10:30:43+00:00\",\"dateModified\":\"2024-08-21T07:25:29+00:00\",\"description\":\"\u0110or\u0111e Radak je uveo nove metode u rekonstrukcija supraaortalnih grana i vertebralne arterije, hirurgiji aneurizmatske bolesti aorte, transplantacijama jetre i pankreasa.\",\"breadcrumb\":{\"@id\":\"https:\\\/\\\/www.karotidnahirurgija.com\\\/?page_id=4#breadcrumb\"},\"inLanguage\":\"en-US\",\"potentialAction\":[{\"@type\":\"ReadAction\",\"target\":[\"https:\\\/\\\/www.karotidnahirurgija.com\\\/?page_id=4\"]}]},{\"@type\":\"BreadcrumbList\",\"@id\":\"https:\\\/\\\/www.karotidnahirurgija.com\\\/?page_id=4#breadcrumb\",\"itemListElement\":[{\"@type\":\"ListItem\",\"position\":1,\"name\":\"Home\",\"item\":\"https:\\\/\\\/www.karotidnahirurgija.com\\\/\"},{\"@type\":\"ListItem\",\"position\":2,\"name\":\"O AUTORU\"}]},{\"@type\":\"WebSite\",\"@id\":\"https:\\\/\\\/www.karotidnahirurgija.com\\\/#website\",\"url\":\"https:\\\/\\\/www.karotidnahirurgija.com\\\/\",\"name\":\"KAROTIDNA HIRURGIJA\",\"description\":\"Knjiga o karotidnoj hirurgiji - sve \u0161to je pouzdano i znano\",\"publisher\":{\"@id\":\"https:\\\/\\\/www.karotidnahirurgija.com\\\/#\\\/schema\\\/person\\\/84f97392d514f154c03f71f594debb3c\"},\"potentialAction\":[{\"@type\":\"SearchAction\",\"target\":{\"@type\":\"EntryPoint\",\"urlTemplate\":\"https:\\\/\\\/www.karotidnahirurgija.com\\\/?s={search_term_string}\"},\"query-input\":{\"@type\":\"PropertyValueSpecification\",\"valueRequired\":true,\"valueName\":\"search_term_string\"}}],\"inLanguage\":\"en-US\"},{\"@type\":[\"Person\",\"Organization\"],\"@id\":\"https:\\\/\\\/www.karotidnahirurgija.com\\\/#\\\/schema\\\/person\\\/84f97392d514f154c03f71f594debb3c\",\"name\":\"karotida\",\"image\":{\"@type\":\"ImageObject\",\"inLanguage\":\"en-US\",\"@id\":\"https:\\\/\\\/www.karotidnahirurgija.com\\\/wp-content\\\/uploads\\\/2023\\\/02\\\/LOGO-KH-tree1.png\",\"url\":\"https:\\\/\\\/www.karotidnahirurgija.com\\\/wp-content\\\/uploads\\\/2023\\\/02\\\/LOGO-KH-tree1.png\",\"contentUrl\":\"https:\\\/\\\/www.karotidnahirurgija.com\\\/wp-content\\\/uploads\\\/2023\\\/02\\\/LOGO-KH-tree1.png\",\"width\":500,\"height\":112,\"caption\":\"karotida\"},\"logo\":{\"@id\":\"https:\\\/\\\/www.karotidnahirurgija.com\\\/wp-content\\\/uploads\\\/2023\\\/02\\\/LOGO-KH-tree1.png\"},\"sameAs\":[\"https:\\\/\\\/www.karotidnahirurgija.com\"]}]}<\/script>\n<!-- \/ Yoast SEO plugin. -->","yoast_head_json":{"title":"O AUTORU - KAROTIDNA HIRURGIJA","description":"\u0110or\u0111e Radak je uveo nove metode u rekonstrukcija supraaortalnih grana i vertebralne arterije, hirurgiji aneurizmatske bolesti aorte, transplantacijama jetre i pankreasa.","robots":{"index":"index","follow":"follow","max-snippet":"max-snippet:-1","max-image-preview":"max-image-preview:large","max-video-preview":"max-video-preview:-1"},"canonical":"https:\/\/www.karotidnahirurgija.com\/?page_id=4","og_locale":"en_US","og_type":"article","og_title":"O AUTORU - KAROTIDNA HIRURGIJA","og_description":"\u0110or\u0111e Radak je uveo nove metode u rekonstrukcija supraaortalnih grana i vertebralne arterije, hirurgiji aneurizmatske bolesti aorte, transplantacijama jetre i pankreasa.","og_url":"https:\/\/www.karotidnahirurgija.com\/?page_id=4","og_site_name":"KAROTIDNA HIRURGIJA","article_modified_time":"2024-08-21T07:25:29+00:00","twitter_card":"summary_large_image","twitter_misc":{"Est. reading time":"3 minutes"},"schema":{"@context":"https:\/\/schema.org","@graph":[{"@type":"WebPage","@id":"https:\/\/www.karotidnahirurgija.com\/?page_id=4","url":"https:\/\/www.karotidnahirurgija.com\/?page_id=4","name":"O AUTORU - KAROTIDNA HIRURGIJA","isPartOf":{"@id":"https:\/\/www.karotidnahirurgija.com\/#website"},"datePublished":"2019-07-25T10:30:43+00:00","dateModified":"2024-08-21T07:25:29+00:00","description":"\u0110or\u0111e Radak je uveo nove metode u rekonstrukcija supraaortalnih grana i vertebralne arterije, hirurgiji aneurizmatske bolesti aorte, transplantacijama jetre i pankreasa.","breadcrumb":{"@id":"https:\/\/www.karotidnahirurgija.com\/?page_id=4#breadcrumb"},"inLanguage":"en-US","potentialAction":[{"@type":"ReadAction","target":["https:\/\/www.karotidnahirurgija.com\/?page_id=4"]}]},{"@type":"BreadcrumbList","@id":"https:\/\/www.karotidnahirurgija.com\/?page_id=4#breadcrumb","itemListElement":[{"@type":"ListItem","position":1,"name":"Home","item":"https:\/\/www.karotidnahirurgija.com\/"},{"@type":"ListItem","position":2,"name":"O AUTORU"}]},{"@type":"WebSite","@id":"https:\/\/www.karotidnahirurgija.com\/#website","url":"https:\/\/www.karotidnahirurgija.com\/","name":"KAROTIDNA HIRURGIJA","description":"Knjiga o karotidnoj hirurgiji - sve \u0161to je pouzdano i znano","publisher":{"@id":"https:\/\/www.karotidnahirurgija.com\/#\/schema\/person\/84f97392d514f154c03f71f594debb3c"},"potentialAction":[{"@type":"SearchAction","target":{"@type":"EntryPoint","urlTemplate":"https:\/\/www.karotidnahirurgija.com\/?s={search_term_string}"},"query-input":{"@type":"PropertyValueSpecification","valueRequired":true,"valueName":"search_term_string"}}],"inLanguage":"en-US"},{"@type":["Person","Organization"],"@id":"https:\/\/www.karotidnahirurgija.com\/#\/schema\/person\/84f97392d514f154c03f71f594debb3c","name":"karotida","image":{"@type":"ImageObject","inLanguage":"en-US","@id":"https:\/\/www.karotidnahirurgija.com\/wp-content\/uploads\/2023\/02\/LOGO-KH-tree1.png","url":"https:\/\/www.karotidnahirurgija.com\/wp-content\/uploads\/2023\/02\/LOGO-KH-tree1.png","contentUrl":"https:\/\/www.karotidnahirurgija.com\/wp-content\/uploads\/2023\/02\/LOGO-KH-tree1.png","width":500,"height":112,"caption":"karotida"},"logo":{"@id":"https:\/\/www.karotidnahirurgija.com\/wp-content\/uploads\/2023\/02\/LOGO-KH-tree1.png"},"sameAs":["https:\/\/www.karotidnahirurgija.com"]}]}},"_links":{"self":[{"href":"https:\/\/www.karotidnahirurgija.com\/index.php?rest_route=\/wp\/v2\/pages\/4","targetHints":{"allow":["GET"]}}],"collection":[{"href":"https:\/\/www.karotidnahirurgija.com\/index.php?rest_route=\/wp\/v2\/pages"}],"about":[{"href":"https:\/\/www.karotidnahirurgija.com\/index.php?rest_route=\/wp\/v2\/types\/page"}],"author":[{"embeddable":true,"href":"https:\/\/www.karotidnahirurgija.com\/index.php?rest_route=\/wp\/v2\/users\/1"}],"replies":[{"embeddable":true,"href":"https:\/\/www.karotidnahirurgija.com\/index.php?rest_route=%2Fwp%2Fv2%2Fcomments&post=4"}],"version-history":[{"count":52,"href":"https:\/\/www.karotidnahirurgija.com\/index.php?rest_route=\/wp\/v2\/pages\/4\/revisions"}],"predecessor-version":[{"id":6210,"href":"https:\/\/www.karotidnahirurgija.com\/index.php?rest_route=\/wp\/v2\/pages\/4\/revisions\/6210"}],"wp:attachment":[{"href":"https:\/\/www.karotidnahirurgija.com\/index.php?rest_route=%2Fwp%2Fv2%2Fmedia&parent=4"}],"curies":[{"name":"wp","href":"https:\/\/api.w.org\/{rel}","templated":true}]}}