{"id":1,"date":"2019-07-25T10:30:43","date_gmt":"2019-07-25T10:30:43","guid":{"rendered":"https:\/\/www.karotidnahirurgija.com\/?p=1"},"modified":"2023-11-28T09:04:39","modified_gmt":"2023-11-28T09:04:39","slug":"home","status":"publish","type":"page","link":"https:\/\/www.karotidnahirurgija.com\/","title":{"rendered":"Home"},"content":{"rendered":"<div>\n<p>        <img decoding=\"async\" src=\"\/wp-content\/uploads\/2023\/02\/fpradak.jpg\" alt=\"\"><\/p>\n<p>        <img decoding=\"async\" src=\"\/wp-content\/uploads\/2023\/02\/fp2.jpg\" alt=\"\"><\/p>\n<\/div>\n<div>\n<p>        <img decoding=\"async\" src=\"\/wp-content\/uploads\/2023\/03\/KNJIGA-naslovna.png\" alt=\"\"><\/p>\n<\/div>\n<p><a href=\"\/index.php?page_id=52\"><img decoding=\"async\" src=\"\/wp-content\/uploads\/2023\/02\/line-28.svg\" alt=\"\"><\/a><\/p>\n<div>\n<p class=\"western\" align=\"JUSTIFY\">Mozak je organ kojim spoznajemo i menjamo Svet i sebe. Karotidna bolest izaziva ishemiju mozga sa neurolo\u0161kim i neuropsiholo\u0161kim o\u0161te\u0107enjima. Medicinske, porodi\u010dne, socijalne i ekonomske posledice cerebrovaskularnih bolesti su dramati\u010dne.<\/p>\n<p class=\"western\" align=\"JUSTIFY\">Karotidna hirurgija i revaskularizacija mozga prevenira ishemi\u010dki mo\u017edani udar, uklanja simptome ishemije mozga i na duge staze spre\u010dava posledice hroni\u010dne ishemije mozga (vaskularna demencija, prerana senilnost itd.).<br \/>Informati\u010dko doba je donelo obilje sofisticiranih informacija u kojima se \u201cod \u0161ume, ponekad, ne vidi drvo\u201c. Sve je vi\u0161e edukovanih doktora, ali sve je manje lekara koji le\u010de bolesnike.<br \/>Ovaj fenomen je naro\u010dito prisutan u le\u010denju karotidne bolesti koje je interdisciplinarano. Me\u0111utim, potrebni su jasni koncepti za lekare koji preuzimaju odgovornosti za prakti\u010dne terapijske odluke.<br \/>Ovaj sajt je nastao od knjige, koja je ostatak ostatka u poku\u0161aju da se ne pominje suvi\u0161no, a ujedno sistematizuje ono \u0161to u karotidnoj hirurgiji pouzdano znamo.<\/p>\n<\/div>\n<div>\n<p>        <img decoding=\"async\" src=\"\/wp-content\/uploads\/2023\/02\/karotida-presek.png\" alt=\"\"><\/p>\n<p>        <img decoding=\"async\" src=\"\/wp-content\/uploads\/2023\/02\/karotida-presek2.png\" alt=\"\"><\/p>\n<\/div>\n<p><img decoding=\"async\" src=\"\/wp-content\/uploads\/2023\/02\/3d-karotide2.png\" alt=\"\"><\/p>\n<div>\n<p>\u041f\u0420\u0418\u0408\u0410\u0422\u0415\u0409 \u0421\u0410\u0408\u0422\u0410<a href=\"https:\/\/www.starivlah.rs\" target=\"_blank\" rel=\"noopener\"><img loading=\"lazy\" decoding=\"async\" src=\"https:\/\/www.karotidnahirurgija.com\/wp-content\/uploads\/2023\/03\/logo-starivlah.png\" alt=\"\" class=\"alignleft wp-image-6109\" width=\"79\" height=\"79\" srcset=\"https:\/\/www.karotidnahirurgija.com\/wp-content\/uploads\/2023\/03\/logo-starivlah.png 300w, https:\/\/www.karotidnahirurgija.com\/wp-content\/uploads\/2023\/03\/logo-starivlah-150x150.png 150w\" sizes=\"auto, (max-width: 79px) 100vw, 79px\" \/><\/a> <br \/>\u0418\u0421\u0422\u0420\u0410\u0416\u0418\u0412\u0410\u0427\u041a\u041e \u0418\u0417\u0414\u0410\u0412\u0410\u0427\u041a\u0418 \u0426\u0415\u041d\u0422\u0410\u0420 <br \/>&#8220;\u0421\u0422\u0410\u0420\u0418 \u0412\u041b\u0410\u0425&#8221; <br \/>\u0411\u0435\u043e\u0433\u0440\u0430\u0434 &#8211; \u041d\u043e\u0432\u0430 \u0412\u0430\u0440\u043e\u0448<\/p>\n<\/div>\n<p><!--more--><br \/>\n<!-- {\"type\":\"layout\",\"children\":[{\"type\":\"section\",\"props\":{\"image\":\"\",\"image_loading\":false,\"image_position\":\"center-center\",\"image_size\":\"contain\",\"image_width\":\"suto\",\"padding\":\"xsmall\",\"preserve_color\":true,\"style\":\"secondary\",\"text_color\":\"light\",\"title_breakpoint\":\"xl\",\"title_position\":\"top-left\",\"title_rotation\":\"left\",\"vertical_align\":\"\",\"width\":\"default\"},\"children\":[{\"type\":\"row\",\"children\":[{\"type\":\"column\",\"props\":{\"image_position\":\"center-center\",\"media_overlay_gradient\":\"\",\"position_sticky_breakpoint\":\"m\",\"width_medium\":\"1-1\"},\"children\":[{\"type\":\"overlay\",\"props\":{\"hover_image\":\"wp-content\\\/uploads\\\/2023\\\/02\\\/fp2.jpg\",\"image\":\"wp-content\\\/uploads\\\/2023\\\/02\\\/fpradak.jpg\",\"link_style\":\"default\",\"link_text\":\"Read more\",\"margin\":\"default\",\"meta_align\":\"below-title\",\"meta_element\":\"div\",\"meta_style\":\"text-meta\",\"overlay_hover\":true,\"overlay_mode\":\"caption\",\"overlay_position\":\"center\",\"overlay_style\":\"overlay-primary\",\"overlay_transition\":\"fade\",\"text_align\":\"center\",\"text_color\":\"light\",\"title_element\":\"h3\",\"title_hover_style\":\"reset\"}}]}]},{\"type\":\"row\",\"props\":{\"layout\":\"1-5,3-5,1-5\"},\"children\":[{\"type\":\"column\",\"props\":{\"image_position\":\"center-center\",\"media_overlay_gradient\":\"\",\"position_sticky_breakpoint\":\"m\",\"width_medium\":\"1-5\"},\"children\":[{\"type\":\"overlay\",\"props\":{\"hover_image\":\"\",\"image\":\"wp-content\\\/uploads\\\/2023\\\/03\\\/KNJIGA-naslovna.png\",\"image_box_decoration\":\"shadow\",\"image_height\":\"280\",\"link_style\":\"default\",\"link_text\":\"Read more\",\"margin\":\"default\",\"meta_align\":\"below-title\",\"meta_element\":\"div\",\"meta_style\":\"text-meta\",\"overlay_hover\":true,\"overlay_mode\":\"caption\",\"overlay_position\":\"center\",\"overlay_style\":\"overlay-primary\",\"overlay_transition\":\"fade\",\"text_align\":\"center\",\"text_color\":\"light\",\"title_element\":\"h3\",\"title_hover_style\":\"reset\"}}]},{\"type\":\"column\",\"props\":{\"image_position\":\"center-center\",\"media_overlay_gradient\":\"\",\"position_sticky_breakpoint\":\"m\",\"width_medium\":\"3-5\"},\"children\":[{\"type\":\"image\",\"props\":{\"container_padding_remove\":true,\"image\":\"wp-content\\\/uploads\\\/2023\\\/02\\\/line-28.svg\",\"image_box_decoration_inverse\":false,\"image_loading\":true,\"image_svg_animate\":true,\"image_svg_color\":\"danger\",\"image_svg_inline\":true,\"lightbox_width\":\"\",\"link\":\"index.php?page_id=52\",\"margin\":\"remove-vertical\",\"position\":\"absolute\",\"position_left\":\"-20\",\"position_z_index\":\"3\",\"status\":\"\"}},{\"type\":\"text\",\"props\":{\"column_breakpoint\":\"m\",\"column_divider\":false,\"content\":\"\n\n<p class=\\\"western\\\" align=\\\"JUSTIFY\\\">Mozak je organ kojim spoznajemo i menjamo Svet i sebe. Karotidna bolest izaziva ishemiju mozga sa neurolo\\u0161kim i neuropsiholo\\u0161kim o\\u0161te\\u0107enjima. Medicinske, porodi\\u010dne, socijalne i ekonomske posledice cerebrovaskularnih bolesti su dramati\\u010dne.<\\\/p>\\n\n\n<p class=\\\"western\\\" align=\\\"JUSTIFY\\\">Karotidna hirurgija i revaskularizacija mozga prevenira ishemi\\u010dki mo\\u017edani udar, uklanja simptome ishemije mozga i na duge staze spre\\u010dava posledice hroni\\u010dne ishemije mozga (vaskularna demencija, prerana senilnost itd.).<br \\\/>Informati\\u010dko doba je donelo obilje sofisticiranih informacija u kojima se \\u201cod \\u0161ume, ponekad, ne vidi drvo\\u201c. Sve je vi\\u0161e edukovanih doktora, ali sve je manje lekara koji le\\u010de bolesnike.<br \\\/>Ovaj fenomen je naro\\u010dito prisutan u le\\u010denju karotidne bolesti koje je interdisciplinarano. Me\\u0111utim, potrebni su jasni koncepti za lekare koji preuzimaju odgovornosti za prakti\\u010dne terapijske odluke.<br \\\/>Ovaj sajt je nastao od knjige, koja je ostatak ostatka u poku\\u0161aju da se ne pominje suvi\\u0161no, a ujedno sistematizuje ono \\u0161to u karotidnoj hirurgiji pouzdano znamo.<\\\/p>\",\"dropcap\":false,\"margin\":\"default\",\"text_style\":\"large\"}}]},{\"type\":\"column\",\"props\":{\"image_position\":\"center-center\",\"media_overlay_gradient\":\"\",\"position_sticky_breakpoint\":\"m\",\"width_medium\":\"1-5\"},\"children\":[{\"type\":\"overlay\",\"props\":{\"hover_image\":\"wp-content\\\/uploads\\\/2023\\\/02\\\/karotida-presek2.png\",\"image\":\"wp-content\\\/uploads\\\/2023\\\/02\\\/karotida-presek.png\",\"image_box_decoration\":\"shadow\",\"image_height\":\"320\",\"link_style\":\"default\",\"link_text\":\"Read more\",\"margin\":\"default\",\"meta_align\":\"below-title\",\"meta_element\":\"div\",\"meta_style\":\"text-meta\",\"overlay_hover\":true,\"overlay_mode\":\"caption\",\"overlay_position\":\"center\",\"overlay_style\":\"overlay-primary\",\"overlay_transition\":\"fade\",\"text_align\":\"center\",\"text_color\":\"light\",\"title_element\":\"h3\",\"title_hover_style\":\"reset\"}}]}]}],\"name\":\"\"},{\"type\":\"section\",\"props\":{\"animation\":\"scale-up\",\"animation_delay\":\"1\",\"header_transparent\":\"light\",\"header_transparent_noplaceholder\":true,\"image\":\"\",\"image_effect\":\"fixed\",\"image_loading\":true,\"image_position\":\"bottom-right\",\"media_blend_mode\":\"multiply\",\"overlap\":true,\"padding\":\"small\",\"padding_remove_bottom\":false,\"sticky\":\"cover\",\"style\":\"default\",\"title_breakpoint\":\"xl\",\"title_position\":\"top-left\",\"title_rotation\":\"left\",\"vertical_align\":\"middle\",\"video\":\"wp-content\\\/uploads\\\/2023\\\/02\\\/brain-111083-1.mp4\",\"width\":\"default\"},\"children\":[{\"type\":\"row\",\"children\":[{\"type\":\"column\",\"props\":{\"image_position\":\"center-center\",\"media_overlay_gradient\":\"\",\"position_sticky_breakpoint\":\"m\",\"width_medium\":\"1-3\"},\"children\":[]},{\"type\":\"column\",\"props\":{\"image_position\":\"center-center\",\"media_overlay_gradient\":\"\",\"position_sticky_breakpoint\":\"m\",\"width_medium\":\"1-3\"},\"children\":[{\"type\":\"image\",\"props\":{\"animation\":\"scale-down\",\"image\":\"wp-content\\\/uploads\\\/2023\\\/02\\\/3d-karotide2.png\",\"image_border\":\"circle\",\"image_svg_color\":\"emphasis\",\"image_width\":\"280\",\"margin\":\"default\",\"text_align\":\"center\"}}]},{\"type\":\"column\",\"props\":{\"image_position\":\"center-center\",\"media_overlay_gradient\":\"\",\"position_sticky_breakpoint\":\"m\",\"width_medium\":\"1-3\"},\"children\":[]}],\"props\":{\"layout\":\"1-3,1-3,1-3\"}}]},{\"type\":\"section\",\"props\":{\"image_position\":\"center-center\",\"style\":\"default\",\"title_breakpoint\":\"xl\",\"title_position\":\"top-left\",\"title_rotation\":\"left\",\"vertical_align\":\"middle\",\"width\":\"default\"},\"children\":[{\"type\":\"row\",\"children\":[{\"type\":\"column\",\"props\":{\"image_position\":\"center-center\",\"media_overlay_gradient\":\"\",\"position_sticky_breakpoint\":\"m\",\"width_medium\":\"\"},\"children\":[{\"type\":\"text\",\"props\":{\"attributes\":\"<a href=\\\"http:\\\/\\\/www.starivlah.rs\\\">PRIJATELJ SAJTA<\\\/a>\",\"column_breakpoint\":\"m\",\"content\":\"\n\n<p>\\u041f\\u0420\\u0418\\u0408\\u0410\\u0422\\u0415\\u0409 \\u0421\\u0410\\u0408\\u0422\\u0410<a href=\\\"https:\\\/\\\/www.starivlah.rs\\\" target=\\\"_blank\\\" rel=\\\"noopener\\\"><img src=\\\"https:\\\/\\\/www.karotidnahirurgija.com\\\/wp-content\\\/uploads\\\/2023\\\/03\\\/logo-starivlah.png\\\" alt=\\\"\\\" class=\\\"alignleft wp-image-6109\\\" width=\\\"79\\\" height=\\\"79\\\" \\\/><\\\/a> <br \\\/>\\u0418\\u0421\\u0422\\u0420\\u0410\\u0416\\u0418\\u0412\\u0410\\u0427\\u041a\\u041e \\u0418\\u0417\\u0414\\u0410\\u0412\\u0410\\u0427\\u041a\\u0418 \\u0426\\u0415\\u041d\\u0422\\u0410\\u0420 <br \\\/>\\\"\\u0421\\u0422\\u0410\\u0420\\u0418 \\u0412\\u041b\\u0410\\u0425\\\" <br \\\/>\\u0411\\u0435\\u043e\\u0433\\u0440\\u0430\\u0434 - \\u041d\\u043e\\u0432\\u0430 \\u0412\\u0430\\u0440\\u043e\\u0448<\\\/p>\",\"margin\":\"default\"}}]}]}]}],\"version\":\"3.0.25\"} --><\/p>\n","protected":false},"excerpt":{"rendered":"<p>Mozak je organ kojim spoznajemo i menjamo Svet i sebe. Karotidna bolest izaziva ishemiju mozga sa neurolo\u0161kim i neuropsiholo\u0161kim o\u0161te\u0107enjima. Medicinske, porodi\u010dne, socijalne i ekonomske posledice cerebrovaskularnih bolesti su dramati\u010dne. Karotidna hirurgija i revaskularizacija mozga prevenira ishemi\u010dki mo\u017edani udar, uklanja simptome ishemije mozga i na duge staze spre\u010dava posledice hroni\u010dne ishemije mozga (vaskularna demencija, prerana [&hellip;]<\/p>\n","protected":false},"author":1,"featured_media":0,"parent":0,"menu_order":3,"comment_status":"open","ping_status":"open","template":"","meta":{"_acf_changed":false,"footnotes":""},"class_list":["post-1","page","type-page","status-publish","hentry"],"acf":[],"yoast_head":"<!-- This site is optimized with the Yoast SEO plugin v27.5 - https:\/\/yoast.com\/product\/yoast-seo-wordpress\/ -->\n<title>Home - KAROTIDNA HIRURGIJA<\/title>\n<meta name=\"description\" content=\"Karotidna hirurgija i revaskularizacija mozga prevenira ishemi\u010dki mo\u017edani udar, uklanja simptome ishemije mozga i na duge staze spre\u010dava posledice hroni\u010dne ishemije mozga\" \/>\n<meta name=\"robots\" content=\"index, follow, max-snippet:-1, max-image-preview:large, max-video-preview:-1\" \/>\n<link rel=\"canonical\" href=\"https:\/\/www.karotidnahirurgija.com\/\" \/>\n<meta property=\"og:locale\" content=\"en_US\" \/>\n<meta property=\"og:type\" content=\"article\" \/>\n<meta property=\"og:title\" content=\"Home - KAROTIDNA HIRURGIJA\" \/>\n<meta property=\"og:description\" content=\"Karotidna hirurgija i revaskularizacija mozga prevenira ishemi\u010dki mo\u017edani udar, uklanja simptome ishemije mozga i na duge staze spre\u010dava posledice hroni\u010dne ishemije mozga\" \/>\n<meta property=\"og:url\" content=\"https:\/\/www.karotidnahirurgija.com\/\" \/>\n<meta property=\"og:site_name\" content=\"KAROTIDNA HIRURGIJA\" \/>\n<meta property=\"article:modified_time\" content=\"2023-11-28T09:04:39+00:00\" \/>\n<meta property=\"og:image\" content=\"https:\/\/www.karotidnahirurgija.com\/wp-content\/uploads\/2023\/03\/logo-starivlah.png\" \/>\n<meta name=\"twitter:card\" content=\"summary_large_image\" \/>\n<meta name=\"twitter:label1\" content=\"Est. reading time\" \/>\n\t<meta name=\"twitter:data1\" content=\"3 minutes\" \/>\n<script type=\"application\/ld+json\" class=\"yoast-schema-graph\">{\"@context\":\"https:\\\/\\\/schema.org\",\"@graph\":[{\"@type\":\"WebPage\",\"@id\":\"https:\\\/\\\/www.karotidnahirurgija.com\\\/\",\"url\":\"https:\\\/\\\/www.karotidnahirurgija.com\\\/\",\"name\":\"Home - KAROTIDNA HIRURGIJA\",\"isPartOf\":{\"@id\":\"https:\\\/\\\/www.karotidnahirurgija.com\\\/#website\"},\"primaryImageOfPage\":{\"@id\":\"https:\\\/\\\/www.karotidnahirurgija.com\\\/#primaryimage\"},\"image\":{\"@id\":\"https:\\\/\\\/www.karotidnahirurgija.com\\\/#primaryimage\"},\"thumbnailUrl\":\"https:\\\/\\\/www.karotidnahirurgija.com\\\/wp-content\\\/uploads\\\/2023\\\/03\\\/logo-starivlah.png\",\"datePublished\":\"2019-07-25T10:30:43+00:00\",\"dateModified\":\"2023-11-28T09:04:39+00:00\",\"description\":\"Karotidna hirurgija i revaskularizacija mozga prevenira ishemi\u010dki mo\u017edani udar, uklanja simptome ishemije mozga i na duge staze spre\u010dava posledice hroni\u010dne ishemije mozga\",\"breadcrumb\":{\"@id\":\"https:\\\/\\\/www.karotidnahirurgija.com\\\/#breadcrumb\"},\"inLanguage\":\"en-US\",\"potentialAction\":[{\"@type\":\"ReadAction\",\"target\":[\"https:\\\/\\\/www.karotidnahirurgija.com\\\/\"]}]},{\"@type\":\"ImageObject\",\"inLanguage\":\"en-US\",\"@id\":\"https:\\\/\\\/www.karotidnahirurgija.com\\\/#primaryimage\",\"url\":\"https:\\\/\\\/www.karotidnahirurgija.com\\\/wp-content\\\/uploads\\\/2023\\\/03\\\/logo-starivlah.png\",\"contentUrl\":\"https:\\\/\\\/www.karotidnahirurgija.com\\\/wp-content\\\/uploads\\\/2023\\\/03\\\/logo-starivlah.png\",\"width\":300,\"height\":300},{\"@type\":\"BreadcrumbList\",\"@id\":\"https:\\\/\\\/www.karotidnahirurgija.com\\\/#breadcrumb\",\"itemListElement\":[{\"@type\":\"ListItem\",\"position\":1,\"name\":\"Home\",\"item\":\"https:\\\/\\\/www.karotidnahirurgija.com\\\/\"},{\"@type\":\"ListItem\",\"position\":2,\"name\":\"Home\"}]},{\"@type\":\"WebSite\",\"@id\":\"https:\\\/\\\/www.karotidnahirurgija.com\\\/#website\",\"url\":\"https:\\\/\\\/www.karotidnahirurgija.com\\\/\",\"name\":\"KAROTIDNA HIRURGIJA\",\"description\":\"Knjiga o karotidnoj hirurgiji - sve \u0161to je pouzdano i znano\",\"publisher\":{\"@id\":\"https:\\\/\\\/www.karotidnahirurgija.com\\\/#\\\/schema\\\/person\\\/84f97392d514f154c03f71f594debb3c\"},\"potentialAction\":[{\"@type\":\"SearchAction\",\"target\":{\"@type\":\"EntryPoint\",\"urlTemplate\":\"https:\\\/\\\/www.karotidnahirurgija.com\\\/?s={search_term_string}\"},\"query-input\":{\"@type\":\"PropertyValueSpecification\",\"valueRequired\":true,\"valueName\":\"search_term_string\"}}],\"inLanguage\":\"en-US\"},{\"@type\":[\"Person\",\"Organization\"],\"@id\":\"https:\\\/\\\/www.karotidnahirurgija.com\\\/#\\\/schema\\\/person\\\/84f97392d514f154c03f71f594debb3c\",\"name\":\"karotida\",\"image\":{\"@type\":\"ImageObject\",\"inLanguage\":\"en-US\",\"@id\":\"https:\\\/\\\/www.karotidnahirurgija.com\\\/wp-content\\\/uploads\\\/2023\\\/02\\\/LOGO-KH-tree1.png\",\"url\":\"https:\\\/\\\/www.karotidnahirurgija.com\\\/wp-content\\\/uploads\\\/2023\\\/02\\\/LOGO-KH-tree1.png\",\"contentUrl\":\"https:\\\/\\\/www.karotidnahirurgija.com\\\/wp-content\\\/uploads\\\/2023\\\/02\\\/LOGO-KH-tree1.png\",\"width\":500,\"height\":112,\"caption\":\"karotida\"},\"logo\":{\"@id\":\"https:\\\/\\\/www.karotidnahirurgija.com\\\/wp-content\\\/uploads\\\/2023\\\/02\\\/LOGO-KH-tree1.png\"},\"sameAs\":[\"https:\\\/\\\/www.karotidnahirurgija.com\"]}]}<\/script>\n<!-- \/ Yoast SEO plugin. -->","yoast_head_json":{"title":"Home - KAROTIDNA HIRURGIJA","description":"Karotidna hirurgija i revaskularizacija mozga prevenira ishemi\u010dki mo\u017edani udar, uklanja simptome ishemije mozga i na duge staze spre\u010dava posledice hroni\u010dne ishemije mozga","robots":{"index":"index","follow":"follow","max-snippet":"max-snippet:-1","max-image-preview":"max-image-preview:large","max-video-preview":"max-video-preview:-1"},"canonical":"https:\/\/www.karotidnahirurgija.com\/","og_locale":"en_US","og_type":"article","og_title":"Home - KAROTIDNA HIRURGIJA","og_description":"Karotidna hirurgija i revaskularizacija mozga prevenira ishemi\u010dki mo\u017edani udar, uklanja simptome ishemije mozga i na duge staze spre\u010dava posledice hroni\u010dne ishemije mozga","og_url":"https:\/\/www.karotidnahirurgija.com\/","og_site_name":"KAROTIDNA HIRURGIJA","article_modified_time":"2023-11-28T09:04:39+00:00","og_image":[{"url":"https:\/\/www.karotidnahirurgija.com\/wp-content\/uploads\/2023\/03\/logo-starivlah.png","type":"","width":"","height":""}],"twitter_card":"summary_large_image","twitter_misc":{"Est. reading time":"3 minutes"},"schema":{"@context":"https:\/\/schema.org","@graph":[{"@type":"WebPage","@id":"https:\/\/www.karotidnahirurgija.com\/","url":"https:\/\/www.karotidnahirurgija.com\/","name":"Home - KAROTIDNA HIRURGIJA","isPartOf":{"@id":"https:\/\/www.karotidnahirurgija.com\/#website"},"primaryImageOfPage":{"@id":"https:\/\/www.karotidnahirurgija.com\/#primaryimage"},"image":{"@id":"https:\/\/www.karotidnahirurgija.com\/#primaryimage"},"thumbnailUrl":"https:\/\/www.karotidnahirurgija.com\/wp-content\/uploads\/2023\/03\/logo-starivlah.png","datePublished":"2019-07-25T10:30:43+00:00","dateModified":"2023-11-28T09:04:39+00:00","description":"Karotidna hirurgija i revaskularizacija mozga prevenira ishemi\u010dki mo\u017edani udar, uklanja simptome ishemije mozga i na duge staze spre\u010dava posledice hroni\u010dne ishemije mozga","breadcrumb":{"@id":"https:\/\/www.karotidnahirurgija.com\/#breadcrumb"},"inLanguage":"en-US","potentialAction":[{"@type":"ReadAction","target":["https:\/\/www.karotidnahirurgija.com\/"]}]},{"@type":"ImageObject","inLanguage":"en-US","@id":"https:\/\/www.karotidnahirurgija.com\/#primaryimage","url":"https:\/\/www.karotidnahirurgija.com\/wp-content\/uploads\/2023\/03\/logo-starivlah.png","contentUrl":"https:\/\/www.karotidnahirurgija.com\/wp-content\/uploads\/2023\/03\/logo-starivlah.png","width":300,"height":300},{"@type":"BreadcrumbList","@id":"https:\/\/www.karotidnahirurgija.com\/#breadcrumb","itemListElement":[{"@type":"ListItem","position":1,"name":"Home","item":"https:\/\/www.karotidnahirurgija.com\/"},{"@type":"ListItem","position":2,"name":"Home"}]},{"@type":"WebSite","@id":"https:\/\/www.karotidnahirurgija.com\/#website","url":"https:\/\/www.karotidnahirurgija.com\/","name":"KAROTIDNA HIRURGIJA","description":"Knjiga o karotidnoj hirurgiji - sve \u0161to je pouzdano i znano","publisher":{"@id":"https:\/\/www.karotidnahirurgija.com\/#\/schema\/person\/84f97392d514f154c03f71f594debb3c"},"potentialAction":[{"@type":"SearchAction","target":{"@type":"EntryPoint","urlTemplate":"https:\/\/www.karotidnahirurgija.com\/?s={search_term_string}"},"query-input":{"@type":"PropertyValueSpecification","valueRequired":true,"valueName":"search_term_string"}}],"inLanguage":"en-US"},{"@type":["Person","Organization"],"@id":"https:\/\/www.karotidnahirurgija.com\/#\/schema\/person\/84f97392d514f154c03f71f594debb3c","name":"karotida","image":{"@type":"ImageObject","inLanguage":"en-US","@id":"https:\/\/www.karotidnahirurgija.com\/wp-content\/uploads\/2023\/02\/LOGO-KH-tree1.png","url":"https:\/\/www.karotidnahirurgija.com\/wp-content\/uploads\/2023\/02\/LOGO-KH-tree1.png","contentUrl":"https:\/\/www.karotidnahirurgija.com\/wp-content\/uploads\/2023\/02\/LOGO-KH-tree1.png","width":500,"height":112,"caption":"karotida"},"logo":{"@id":"https:\/\/www.karotidnahirurgija.com\/wp-content\/uploads\/2023\/02\/LOGO-KH-tree1.png"},"sameAs":["https:\/\/www.karotidnahirurgija.com"]}]}},"_links":{"self":[{"href":"https:\/\/www.karotidnahirurgija.com\/index.php?rest_route=\/wp\/v2\/pages\/1","targetHints":{"allow":["GET"]}}],"collection":[{"href":"https:\/\/www.karotidnahirurgija.com\/index.php?rest_route=\/wp\/v2\/pages"}],"about":[{"href":"https:\/\/www.karotidnahirurgija.com\/index.php?rest_route=\/wp\/v2\/types\/page"}],"author":[{"embeddable":true,"href":"https:\/\/www.karotidnahirurgija.com\/index.php?rest_route=\/wp\/v2\/users\/1"}],"replies":[{"embeddable":true,"href":"https:\/\/www.karotidnahirurgija.com\/index.php?rest_route=%2Fwp%2Fv2%2Fcomments&post=1"}],"version-history":[{"count":326,"href":"https:\/\/www.karotidnahirurgija.com\/index.php?rest_route=\/wp\/v2\/pages\/1\/revisions"}],"predecessor-version":[{"id":6193,"href":"https:\/\/www.karotidnahirurgija.com\/index.php?rest_route=\/wp\/v2\/pages\/1\/revisions\/6193"}],"wp:attachment":[{"href":"https:\/\/www.karotidnahirurgija.com\/index.php?rest_route=%2Fwp%2Fv2%2Fmedia&parent=1"}],"curies":[{"name":"wp","href":"https:\/\/api.w.org\/{rel}","templated":true}]}}